{"id":105,"date":"2008-04-19T14:11:13","date_gmt":"2008-04-19T13:11:13","guid":{"rendered":"http:\/\/www.tunedcity.de\/?page_id=105"},"modified":"2011-06-18T14:24:03","modified_gmt":"2011-06-18T12:24:03","slug":"ankersmit-thomas-nld","status":"publish","type":"page","link":"https:\/\/www.tunedcity.net\/?page_id=105","title":{"rendered":"Ankersmit, Thomas (NL\/D)"},"content":{"rendered":"<p><img loading=\"lazy\" decoding=\"async\" src=\"http:\/\/www.tunedcity.net\/wp-content\/uploads\/2008\/05\/ankersmit_01.jpg\" alt=\"ankersmit\" width=\"328\" height=\"219\" \/><\/p>\n<p> <strong>Thomas Ankersmit <\/strong>(born 1979 in Leiden, The Netherlands) is a musician and installation artist based in Berlin. Initially an improvising saxophonist, his activities expanded to include live electronic music and installation pieces based on architectural acoustics and infrasound. He has been performing solo and in collaboration with other artists such as New York minimalist Phill Niblock, Kevin Drumm, Jim O&#8217;Rourke, Gert-Jan Prins, Borbetomagus and Alvin Lucier since 1998. Since 2003, Ankersmit most frequently collaborates with Niblock and Milan-based electroacoustic improviser Giuseppe Ielasi.<br \/>\nHis saxophone work focuses on the abstract, timbral extremes of the instrument, combining sustained streams of intense multiphonic sound with acoustically amplified micro-events occurring inside the instrument. <\/p>\n<p><\/p>\n<p>[lang_ee] <strong>Thomas Ankersmit <\/strong>(s 1979 Leidenis, Hollandis) on Berliinis elav muusik ja installatsioonikunstnik.<br \/>\nAlustanud improviseeriva saksofonistina, on tema tegevussf\u00e4\u00e4r laienenud, kaasates elektroonilist muusikat ja installatsiooniteoseid, mis tuginevad arhitektuurilisele akustikale ja infrahelidele. Alates 1998. aastast on ta esinenud nii solistina kui ka teinud koost\u00f6\u00f6d teiste muusikutega, nagu n\u00e4iteks New Yorgi minimalist Phil Niblocki, Kevin Drummi, Jim O\u2019Rourkei, Gert-Jan Prinsi, Borbetomaguse ja Alvin Lucieriga. Alates 2003. aastast on Ankersmit k\u00f5ige tihedamalt t\u00f6\u00f6tanud koos just Niblocki ja Milanos tegutseva elektro-akustilise improvisaatori Giuseppe Ielasiga. Ankersmiti saksofonit\u00f6\u00f6 keskendub instrumendi abstraktsetele t\u00e4mbrilistele \u00e4\u00e4rmustele, mis kombineerivad intensiivseid mitmefoonilisi, pidevalt voolavaid helisid instrumendi sees ilmnevate, akustiliselt valjendatud mikromuutustega.<br \/>\n [\/lang_ee]<\/p>\n<p>appearance at Tuned City<br \/>\n<a href=\"https:\/\/www.tunedcity.net\/?page_id=143\">listening to soundspaces \/ 02.07.08<\/a><br \/>\n<a href=\"https:\/\/www.tunedcity.net\/?page_id=161\">radio space \/ 05.07.08<\/a><br \/>\n<a href=\"https:\/\/www.tunedcity.net\/?page_id=1268\">Speaking with Spaces \/ 09.07.11<\/a><br \/>\n<a href=\"https:\/\/www.tunedcity.net\/?page_id=1596\">sonic peculiarities of sites \/ 08.+10.07.11<\/a><\/p>\n<p><\/p>\n<p>[lang_ee]Tuned City programmis<br \/>\n<em>varem:<\/em><br \/>\n<a href=\"https:\/\/www.tunedcity.net\/?page_id=143\">listening to soundspaces \/ 02.07.08<\/a><br \/>\n<a href=\"https:\/\/www.tunedcity.net\/?page_id=161\">radio space \/ 05.07.08<\/a><br \/>\n<em>Tuned City Tallinn 2011:<\/em><br \/>\n<a href=\"https:\/\/www.tunedcity.net\/?page_id=1268\">K\u00f5nelused ruumiga \/ 09.07.11<\/a><br \/>\n<a href=\"https:\/\/www.tunedcity.net\/?page_id=1596\">piirkondade helilised ise\u00e4rasused \/ 08.+10.07.11<\/a>[\/lang_ee]<\/p>","protected":false},"excerpt":{"rendered":"<p>Thomas Ankersmit (born 1979 in Leiden, The Netherlands) is a musician and installation artist based in Berlin. Initially an improvising saxophonist, his activities expanded to include live electronic music and installation pieces based on architectural acoustics and infrasound. He has been performing solo and in collaboration with other artists such as New York minimalist Phill [&hellip;]<\/p>\n","protected":false},"author":1,"featured_media":0,"parent":19,"menu_order":0,"comment_status":"closed","ping_status":"closed","template":"","meta":{"footnotes":""},"categories":[1],"tags":[],"class_list":["post-105","page","type-page","status-publish","hentry","category-allgemein"],"_links":{"self":[{"href":"https:\/\/www.tunedcity.net\/index.php?rest_route=\/wp\/v2\/pages\/105","targetHints":{"allow":["GET"]}}],"collection":[{"href":"https:\/\/www.tunedcity.net\/index.php?rest_route=\/wp\/v2\/pages"}],"about":[{"href":"https:\/\/www.tunedcity.net\/index.php?rest_route=\/wp\/v2\/types\/page"}],"author":[{"embeddable":true,"href":"https:\/\/www.tunedcity.net\/index.php?rest_route=\/wp\/v2\/users\/1"}],"replies":[{"embeddable":true,"href":"https:\/\/www.tunedcity.net\/index.php?rest_route=%2Fwp%2Fv2%2Fcomments&post=105"}],"version-history":[{"count":9,"href":"https:\/\/www.tunedcity.net\/index.php?rest_route=\/wp\/v2\/pages\/105\/revisions"}],"predecessor-version":[{"id":520,"href":"https:\/\/www.tunedcity.net\/index.php?rest_route=\/wp\/v2\/pages\/105\/revisions\/520"}],"up":[{"embeddable":true,"href":"https:\/\/www.tunedcity.net\/index.php?rest_route=\/wp\/v2\/pages\/19"}],"wp:attachment":[{"href":"https:\/\/www.tunedcity.net\/index.php?rest_route=%2Fwp%2Fv2%2Fmedia&parent=105"}],"wp:term":[{"taxonomy":"category","embeddable":true,"href":"https:\/\/www.tunedcity.net\/index.php?rest_route=%2Fwp%2Fv2%2Fcategories&post=105"},{"taxonomy":"post_tag","embeddable":true,"href":"https:\/\/www.tunedcity.net\/index.php?rest_route=%2Fwp%2Fv2%2Ftags&post=105"}],"curies":[{"name":"wp","href":"https:\/\/api.w.org\/{rel}","templated":true}]}}