{"id":1045,"date":"2011-04-26T12:50:17","date_gmt":"2011-04-26T11:50:17","guid":{"rendered":"http:\/\/www.tunedcity.net\/?page_id=1045"},"modified":"2011-07-02T21:46:29","modified_gmt":"2011-07-02T19:46:29","slug":"lang_deinstallationen-lang_de-lang_eninstallations-lang_en","status":"publish","type":"page","link":"https:\/\/www.tunedcity.net\/?page_id=1045","title":{"rendered":"installations"},"content":{"rendered":"<p><img loading=\"lazy\" decoding=\"async\" class=\"alignnone size-full wp-image-1461\" title=\"linnahall stairs\" src=\"http:\/\/www.tunedcity.net\/wp-content\/uploads\/2011\/04\/linnahall-stairs.jpg\" alt=\"\" width=\"494\" height=\"371\" srcset=\"https:\/\/www.tunedcity.net\/wp-content\/uploads\/2011\/04\/linnahall-stairs.jpg 640w, https:\/\/www.tunedcity.net\/wp-content\/uploads\/2011\/04\/linnahall-stairs-300x225.jpg 300w\" sizes=\"auto, (max-width: 494px) 100vw, 494px\" \/><\/p>\n<p><\/p>\n<p>Dealing with sound and space has many implications. You can see that  from the physical site and the way space is shaping sound and vice  versa. You could also approch it from the social perspective. In every  day life we are surrounded by the sounds of diverse nature and various  origins. Sound has an immediate, direct link to both the rational and  emotional parts of our brain. Sound shapes our thoughts, our feelings,  our behaviors, our lives, sound is another cultural code, it\u2019s about  human presence in the world.<br \/>\nArtistic work in the field of sound could help a public understanding  and appreciation of the importance of sound, bridge between disciplines  as well as inspire curiosity. It is one of Tuned City&#8217;s central goals to  commission and produce relevant works that embody such qualities.<\/p>\n<p><strong><a href=\"https:\/\/www.tunedcity.net\/?page_id=1052\">Cromatico<\/a><\/strong><br \/>\nEnter the Octave and Discover the World of Sound and Reverberation<br \/>\nLukas K\u00fchne (Montevideo, URG)<\/p>\n<p><strong><a href=\"https:\/\/www.tunedcity.net\/?page_id=2635\">Torpedoes Out<\/a><\/strong><br \/>\nmegaphone, plastic pipe, electromagnetic sinewave generator, propeller<br \/>\nRaul Keller (EE)<\/p>\n<p><strong><a href=\"https:\/\/www.tunedcity.net\/?page_id=1356\">12-ton filter<\/a><\/strong><br \/>\nmobile urban noise tranformer<br \/>\neyland 07 (Ren\u00e9 Rissland, J\u00fcrgen Lehmeier) und Florian Tuercke (N\u00fcrnberg, D)<\/p>\n<p><strong><a href=\"https:\/\/www.tunedcity.net\/?page_id=1074\">Methaphones<\/a><\/strong><br \/>\ncommunication via public space<br \/>\nUnsworn Industries (Malm\u00f6, SE)<\/p>\n<p><strong><a href=\"https:\/\/www.tunedcity.net\/?page_id=1062\">Schizophone<\/a><\/strong><br \/>\nacoustic prosthesis<br \/>\nPierre-Laurent Cassi\u00e8re (F)<\/p>\n<p><strong><a href=\"https:\/\/www.tunedcity.net\/?page_id=1377\">Urban Audio ECoC1<\/strong><strong><\/a><\/strong><br \/>\nambient sound transformer<br \/>\nFlorian Tuercke (D)<\/p>\n<p>more to come &#8230;<br \/>\n<\/p>","protected":false},"excerpt":{"rendered":"<p>Dealing with sound and space has many implications. You can see that from the physical site and the way space is shaping sound and vice versa. You could also approch it from the social perspective. In every day life we are surrounded by the sounds of diverse nature and various origins. Sound has an immediate, [&hellip;]<\/p>\n","protected":false},"author":1,"featured_media":0,"parent":496,"menu_order":4,"comment_status":"closed","ping_status":"closed","template":"","meta":{"footnotes":""},"categories":[1],"tags":[],"class_list":["post-1045","page","type-page","status-publish","hentry","category-allgemein"],"_links":{"self":[{"href":"https:\/\/www.tunedcity.net\/index.php?rest_route=\/wp\/v2\/pages\/1045","targetHints":{"allow":["GET"]}}],"collection":[{"href":"https:\/\/www.tunedcity.net\/index.php?rest_route=\/wp\/v2\/pages"}],"about":[{"href":"https:\/\/www.tunedcity.net\/index.php?rest_route=\/wp\/v2\/types\/page"}],"author":[{"embeddable":true,"href":"https:\/\/www.tunedcity.net\/index.php?rest_route=\/wp\/v2\/users\/1"}],"replies":[{"embeddable":true,"href":"https:\/\/www.tunedcity.net\/index.php?rest_route=%2Fwp%2Fv2%2Fcomments&post=1045"}],"version-history":[{"count":22,"href":"https:\/\/www.tunedcity.net\/index.php?rest_route=\/wp\/v2\/pages\/1045\/revisions"}],"predecessor-version":[{"id":1087,"href":"https:\/\/www.tunedcity.net\/index.php?rest_route=\/wp\/v2\/pages\/1045\/revisions\/1087"}],"up":[{"embeddable":true,"href":"https:\/\/www.tunedcity.net\/index.php?rest_route=\/wp\/v2\/pages\/496"}],"wp:attachment":[{"href":"https:\/\/www.tunedcity.net\/index.php?rest_route=%2Fwp%2Fv2%2Fmedia&parent=1045"}],"wp:term":[{"taxonomy":"category","embeddable":true,"href":"https:\/\/www.tunedcity.net\/index.php?rest_route=%2Fwp%2Fv2%2Fcategories&post=1045"},{"taxonomy":"post_tag","embeddable":true,"href":"https:\/\/www.tunedcity.net\/index.php?rest_route=%2Fwp%2Fv2%2Ftags&post=1045"}],"curies":[{"name":"wp","href":"https:\/\/api.w.org\/{rel}","templated":true}]}}